{"id":18557,"date":"2020-06-30T12:01:15","date_gmt":"2020-06-30T12:01:15","guid":{"rendered":"http:\/\/turodelsol.com\/sitemap\/"},"modified":"2021-05-22T07:20:35","modified_gmt":"2021-05-22T07:20:35","slug":"menu-general-del-lloc","status":"publish","type":"page","link":"https:\/\/turodelsol.com\/ca\/menu-general-del-lloc\/","title":{"rendered":"Men\u00fa general del lloc"},"content":{"rendered":"<p>[vc_row css_animation=&#8221;&#8221; row_type=&#8221;row&#8221; use_row_as_full_screen_section=&#8221;no&#8221; type=&#8221;full_width&#8221; angled_section=&#8221;no&#8221; text_align=&#8221;left&#8221; background_image_as_pattern=&#8221;without_pattern&#8221;][vc_column][vc_column_text]<strong><div class=\"wsp-container\"><h2 class=\"wsp-pages-title\">P\u00e0gines<\/h2>\n<ul class=\"wsp-pages-list\">\n<li class=\"page_item page-item-17446\"><a href=\"https:\/\/turodelsol.com\/ca\/contacte\/\">Contacte<\/a><\/li>\n<li class=\"page_item page-item-18339\"><a href=\"https:\/\/turodelsol.com\/ca\/els-nostres-videos\/\">Els nostres V\u00eddeos<\/a><\/li>\n<li class=\"page_item page-item-18315 page_item_has_children\"><a href=\"https:\/\/turodelsol.com\/ca\/galeries\/\">Galeries<\/a>\n<ul class='children'>\n\t<li class=\"page_item page-item-18324\"><a href=\"https:\/\/turodelsol.com\/ca\/galeries\/cerimonies-amb-encant\/\">Cerim\u00f2nies amb encant<\/a><\/li>\n\t<li class=\"page_item page-item-18321\"><a href=\"https:\/\/turodelsol.com\/ca\/galeries\/galeries-wedding-decoration\/\">Galeries Wedding Decoration<\/a><\/li>\n\t<li class=\"page_item page-item-18318\"><a href=\"https:\/\/turodelsol.com\/ca\/galeries\/jardins-de-somni\/\">Jardins de somni<\/a><\/li>\n\t<li class=\"page_item page-item-18327\"><a href=\"https:\/\/turodelsol.com\/ca\/galeries\/salons-i-restauracio\/\">Salons i restauraci\u00f3<\/a><\/li>\n<\/ul>\n<\/li>\n<li class=\"page_item page-item-16353\"><a href=\"https:\/\/turodelsol.com\/ca\/\">Inici<\/a><\/li>\n<li class=\"page_item page-item-18329 page_item_has_children\"><a href=\"https:\/\/turodelsol.com\/ca\/la-nostra-gastronomia\/\">La nostra Gastronomia<\/a>\n<ul class='children'>\n\t<li class=\"page_item page-item-18332\"><a href=\"https:\/\/turodelsol.com\/ca\/la-nostra-gastronomia\/aperitius\/\">Aperitius<\/a><\/li>\n\t<li class=\"page_item page-item-18335\"><a href=\"https:\/\/turodelsol.com\/ca\/la-nostra-gastronomia\/plats-principals\/\">Plats principals<\/a><\/li>\n<\/ul>\n<\/li>\n<li class=\"page_item page-item-18340\"><a href=\"https:\/\/turodelsol.com\/ca\/promocions\/\">Promocions<\/a><\/li>\n<li class=\"page_item page-item-18303 page_item_has_children\"><a href=\"https:\/\/turodelsol.com\/ca\/qui-som\/\">Qui som<\/a>\n<ul class='children'>\n\t<li class=\"page_item page-item-18306\"><a href=\"https:\/\/turodelsol.com\/ca\/qui-som\/equip\/\">Equip<\/a><\/li>\n\t<li class=\"page_item page-item-18309\"><a href=\"https:\/\/turodelsol.com\/ca\/qui-som\/la-nostra-experiencia\/\">La nostra experi\u00e8ncia<\/a><\/li>\n<\/ul>\n<\/li>\n<li class=\"page_item page-item-18312\"><a href=\"https:\/\/turodelsol.com\/ca\/serveis\/\">Serveis<\/a><\/li>\n<\/ul>\n<\/div><\/strong>[\/vc_column_text][\/vc_column][\/vc_row][vc_row css_animation=&#8221;&#8221; row_type=&#8221;row&#8221; use_row_as_full_screen_section=&#8221;no&#8221; type=&#8221;full_width&#8221; angled_section=&#8221;no&#8221; text_align=&#8221;left&#8221; background_image_as_pattern=&#8221;without_pattern&#8221;][vc_column][vc_separator type=&#8221;transparent&#8221; up=&#8221;100&#8243;][\/vc_column][\/vc_row]<\/p>\n","protected":false},"excerpt":{"rendered":"<p>[vc_row css_animation=&#8221;&#8221; row_type=&#8221;row&#8221; use_row_as_full_screen_section=&#8221;no&#8221; type=&#8221;full_width&#8221; angled_section=&#8221;no&#8221; text_align=&#8221;left&#8221; background_image_as_pattern=&#8221;without_pattern&#8221;][vc_column][vc_column_text][\/vc_column_text][\/vc_column][\/vc_row][vc_row css_animation=&#8221;&#8221; row_type=&#8221;row&#8221; use_row_as_full_screen_section=&#8221;no&#8221; type=&#8221;full_width&#8221; angled_section=&#8221;no&#8221; text_align=&#8221;left&#8221; background_image_as_pattern=&#8221;without_pattern&#8221;][vc_column][vc_separator type=&#8221;transparent&#8221; up=&#8221;100&#8243;][\/vc_column][\/vc_row]<\/p>\n","protected":false},"author":1,"featured_media":0,"parent":0,"menu_order":0,"comment_status":"closed","ping_status":"closed","template":"","meta":{"_monsterinsights_skip_tracking":false,"_monsterinsights_sitenote_active":false,"_monsterinsights_sitenote_note":"","_monsterinsights_sitenote_category":0},"yoast_head":"<!-- This site is optimized with the Yoast SEO plugin v19.10 - https:\/\/yoast.com\/wordpress\/plugins\/seo\/ -->\n<title>Men\u00fa general del lloc | Tur\u00f3 del Sol<\/title>\n<meta name=\"description\" content=\"Men\u00fa general del lloc de Tur\u00f3 del sol, per a poder localitzar qualsevol \u00edtem del men\u00fa f\u00e0cilment, Restaurant Barcelona\" \/>\n<meta name=\"robots\" content=\"index, follow, max-snippet:-1, max-image-preview:large, max-video-preview:-1\" \/>\n<link rel=\"canonical\" href=\"https:\/\/turodelsol.com\/ca\/menu-general-del-lloc\/\" \/>\n<meta property=\"og:locale\" content=\"ca_ES\" \/>\n<meta property=\"og:type\" content=\"article\" \/>\n<meta property=\"og:title\" content=\"Men\u00fa general del lloc | Tur\u00f3 del Sol\" \/>\n<meta property=\"og:description\" content=\"Men\u00fa general del lloc de Tur\u00f3 del sol, per a poder localitzar qualsevol \u00edtem del men\u00fa f\u00e0cilment, Restaurant Barcelona\" \/>\n<meta property=\"og:url\" content=\"https:\/\/turodelsol.com\/ca\/menu-general-del-lloc\/\" \/>\n<meta property=\"og:site_name\" content=\"Tur\u00f3 del Sol\" \/>\n<meta property=\"article:publisher\" content=\"https:\/\/es-es.facebook.com\/turodelsol\" \/>\n<meta property=\"article:modified_time\" content=\"2021-05-22T07:20:35+00:00\" \/>\n<meta name=\"twitter:card\" content=\"summary_large_image\" \/>\n<script type=\"application\/ld+json\" class=\"yoast-schema-graph\">{\"@context\":\"https:\/\/schema.org\",\"@graph\":[{\"@type\":\"WebPage\",\"@id\":\"https:\/\/turodelsol.com\/ca\/menu-general-del-lloc\/\",\"url\":\"https:\/\/turodelsol.com\/ca\/menu-general-del-lloc\/\",\"name\":\"Men\u00fa general del lloc | Tur\u00f3 del Sol\",\"isPartOf\":{\"@id\":\"https:\/\/turodelsol.com\/#website\"},\"datePublished\":\"2020-06-30T12:01:15+00:00\",\"dateModified\":\"2021-05-22T07:20:35+00:00\",\"description\":\"Men\u00fa general del lloc de Tur\u00f3 del sol, per a poder localitzar qualsevol \u00edtem del men\u00fa f\u00e0cilment, Restaurant Barcelona\",\"breadcrumb\":{\"@id\":\"https:\/\/turodelsol.com\/ca\/menu-general-del-lloc\/#breadcrumb\"},\"inLanguage\":\"ca\",\"potentialAction\":[{\"@type\":\"ReadAction\",\"target\":[\"https:\/\/turodelsol.com\/ca\/menu-general-del-lloc\/\"]}]},{\"@type\":\"BreadcrumbList\",\"@id\":\"https:\/\/turodelsol.com\/ca\/menu-general-del-lloc\/#breadcrumb\",\"itemListElement\":[{\"@type\":\"ListItem\",\"position\":1,\"name\":\"Portada\",\"item\":\"https:\/\/turodelsol.com\/ca\/\"},{\"@type\":\"ListItem\",\"position\":2,\"name\":\"Men\u00fa general del lloc\"}]},{\"@type\":\"WebSite\",\"@id\":\"https:\/\/turodelsol.com\/#website\",\"url\":\"https:\/\/turodelsol.com\/\",\"name\":\"Tur\u00f3 del Sol\",\"description\":\"Restaurante para bodas Barcelona\",\"publisher\":{\"@id\":\"https:\/\/turodelsol.com\/#organization\"},\"potentialAction\":[{\"@type\":\"SearchAction\",\"target\":{\"@type\":\"EntryPoint\",\"urlTemplate\":\"https:\/\/turodelsol.com\/?s={search_term_string}\"},\"query-input\":\"required name=search_term_string\"}],\"inLanguage\":\"ca\"},{\"@type\":\"Organization\",\"@id\":\"https:\/\/turodelsol.com\/#organization\",\"name\":\"Restaurante Tur\u00f3 del Sol\",\"url\":\"https:\/\/turodelsol.com\/\",\"logo\":{\"@type\":\"ImageObject\",\"inLanguage\":\"ca\",\"@id\":\"https:\/\/turodelsol.com\/#\/schema\/logo\/image\/\",\"url\":\"https:\/\/turodelsol.com\/wp-content\/uploads\/2018\/12\/logo-turo-del-sol-web-2019-1.png\",\"contentUrl\":\"https:\/\/turodelsol.com\/wp-content\/uploads\/2018\/12\/logo-turo-del-sol-web-2019-1.png\",\"width\":214,\"height\":100,\"caption\":\"Restaurante Tur\u00f3 del Sol\"},\"image\":{\"@id\":\"https:\/\/turodelsol.com\/#\/schema\/logo\/image\/\"},\"sameAs\":[\"https:\/\/www.instagram.com\/turodelsol\/\",\"https:\/\/es-es.facebook.com\/turodelsol\"]}]}<\/script>\n<!-- \/ Yoast SEO plugin. -->","yoast_head_json":{"title":"Men\u00fa general del lloc | Tur\u00f3 del Sol","description":"Men\u00fa general del lloc de Tur\u00f3 del sol, per a poder localitzar qualsevol \u00edtem del men\u00fa f\u00e0cilment, Restaurant Barcelona","robots":{"index":"index","follow":"follow","max-snippet":"max-snippet:-1","max-image-preview":"max-image-preview:large","max-video-preview":"max-video-preview:-1"},"canonical":"https:\/\/turodelsol.com\/ca\/menu-general-del-lloc\/","og_locale":"ca_ES","og_type":"article","og_title":"Men\u00fa general del lloc | Tur\u00f3 del Sol","og_description":"Men\u00fa general del lloc de Tur\u00f3 del sol, per a poder localitzar qualsevol \u00edtem del men\u00fa f\u00e0cilment, Restaurant Barcelona","og_url":"https:\/\/turodelsol.com\/ca\/menu-general-del-lloc\/","og_site_name":"Tur\u00f3 del Sol","article_publisher":"https:\/\/es-es.facebook.com\/turodelsol","article_modified_time":"2021-05-22T07:20:35+00:00","twitter_card":"summary_large_image","schema":{"@context":"https:\/\/schema.org","@graph":[{"@type":"WebPage","@id":"https:\/\/turodelsol.com\/ca\/menu-general-del-lloc\/","url":"https:\/\/turodelsol.com\/ca\/menu-general-del-lloc\/","name":"Men\u00fa general del lloc | Tur\u00f3 del Sol","isPartOf":{"@id":"https:\/\/turodelsol.com\/#website"},"datePublished":"2020-06-30T12:01:15+00:00","dateModified":"2021-05-22T07:20:35+00:00","description":"Men\u00fa general del lloc de Tur\u00f3 del sol, per a poder localitzar qualsevol \u00edtem del men\u00fa f\u00e0cilment, Restaurant Barcelona","breadcrumb":{"@id":"https:\/\/turodelsol.com\/ca\/menu-general-del-lloc\/#breadcrumb"},"inLanguage":"ca","potentialAction":[{"@type":"ReadAction","target":["https:\/\/turodelsol.com\/ca\/menu-general-del-lloc\/"]}]},{"@type":"BreadcrumbList","@id":"https:\/\/turodelsol.com\/ca\/menu-general-del-lloc\/#breadcrumb","itemListElement":[{"@type":"ListItem","position":1,"name":"Portada","item":"https:\/\/turodelsol.com\/ca\/"},{"@type":"ListItem","position":2,"name":"Men\u00fa general del lloc"}]},{"@type":"WebSite","@id":"https:\/\/turodelsol.com\/#website","url":"https:\/\/turodelsol.com\/","name":"Tur\u00f3 del Sol","description":"Restaurante para bodas Barcelona","publisher":{"@id":"https:\/\/turodelsol.com\/#organization"},"potentialAction":[{"@type":"SearchAction","target":{"@type":"EntryPoint","urlTemplate":"https:\/\/turodelsol.com\/?s={search_term_string}"},"query-input":"required name=search_term_string"}],"inLanguage":"ca"},{"@type":"Organization","@id":"https:\/\/turodelsol.com\/#organization","name":"Restaurante Tur\u00f3 del Sol","url":"https:\/\/turodelsol.com\/","logo":{"@type":"ImageObject","inLanguage":"ca","@id":"https:\/\/turodelsol.com\/#\/schema\/logo\/image\/","url":"https:\/\/turodelsol.com\/wp-content\/uploads\/2018\/12\/logo-turo-del-sol-web-2019-1.png","contentUrl":"https:\/\/turodelsol.com\/wp-content\/uploads\/2018\/12\/logo-turo-del-sol-web-2019-1.png","width":214,"height":100,"caption":"Restaurante Tur\u00f3 del Sol"},"image":{"@id":"https:\/\/turodelsol.com\/#\/schema\/logo\/image\/"},"sameAs":["https:\/\/www.instagram.com\/turodelsol\/","https:\/\/es-es.facebook.com\/turodelsol"]}]}},"_links":{"self":[{"href":"https:\/\/turodelsol.com\/ca\/wp-json\/wp\/v2\/pages\/18557"}],"collection":[{"href":"https:\/\/turodelsol.com\/ca\/wp-json\/wp\/v2\/pages"}],"about":[{"href":"https:\/\/turodelsol.com\/ca\/wp-json\/wp\/v2\/types\/page"}],"author":[{"embeddable":true,"href":"https:\/\/turodelsol.com\/ca\/wp-json\/wp\/v2\/users\/1"}],"replies":[{"embeddable":true,"href":"https:\/\/turodelsol.com\/ca\/wp-json\/wp\/v2\/comments?post=18557"}],"version-history":[{"count":2,"href":"https:\/\/turodelsol.com\/ca\/wp-json\/wp\/v2\/pages\/18557\/revisions"}],"predecessor-version":[{"id":18621,"href":"https:\/\/turodelsol.com\/ca\/wp-json\/wp\/v2\/pages\/18557\/revisions\/18621"}],"wp:attachment":[{"href":"https:\/\/turodelsol.com\/ca\/wp-json\/wp\/v2\/media?parent=18557"}],"curies":[{"name":"wp","href":"https:\/\/api.w.org\/{rel}","templated":true}]}}