{"id":18312,"date":"2014-12-15T22:55:21","date_gmt":"2014-12-15T22:55:21","guid":{"rendered":"http:\/\/turodelsol.com\/servicios\/"},"modified":"2021-05-22T07:48:51","modified_gmt":"2021-05-22T07:48:51","slug":"serveis","status":"publish","type":"page","link":"https:\/\/turodelsol.com\/ca\/serveis\/","title":{"rendered":"Serveis"},"content":{"rendered":"<p>[vc_row css_animation=&#8221;&#8221; row_type=&#8221;row&#8221; use_row_as_full_screen_section=&#8221;no&#8221; type=&#8221;grid&#8221; angled_section=&#8221;no&#8221; text_align=&#8221;left&#8221; background_image_as_pattern=&#8221;without_pattern&#8221; background_color=&#8221;#ffffff&#8221; padding_top=&#8221;67&#8243; padding_bottom=&#8221;58&#8243;][vc_column width=&#8221;1\/6&#8243;][\/vc_column][vc_column width=&#8221;2\/3&#8243;][vc_column_text]<\/p>\n<h2 style=\"text-align: center;\"><span data-contrast=\"auto\">Serveis per a noces a Barcelona<\/span><\/h2>\n<h3 style=\"text-align: center;\"><span data-contrast=\"auto\">Restaurant Tur\u00f3 del Sol<\/span><span data-ccp-props=\"{&quot;201341983&quot;:0,&quot;335551550&quot;:6,&quot;335551620&quot;:6,&quot;335559739&quot;:200,&quot;335559740&quot;:276}\">\u00a0<\/span><\/h3>\n<p>[\/vc_column_text][vc_separator type=&#8221;transparent&#8221; up=&#8221;27&#8243; down=&#8221;0&#8243;]<div class='q_icon_with_title very_large custom_icon_image '><div class=\"icon_holder \" style=\" \"><img itemprop=\"image\" style=\"\" src=\"https:\/\/turodelsol.com\/wp-content\/uploads\/2019\/01\/01-aparcar.png\" alt=\"\"><\/div><div class=\"icon_text_holder\" style=\"\"><div class=\"icon_text_inner\" style=\"\"><h5 class=\"icon_title\" style=\"\">PARKING PRIVAT<\/h5><p style=''>Comptem amb Aparcament privat i servei de vigil\u00e0ncia realitzat pels nostres gu\u00e0rdies de seguretat, que us donaran la benvinguda a l'arribada a les nostres instal\u2022lacions.<\/p><\/div><\/div><\/div>[vc_separator type=&#8221;transparent&#8221; up=&#8221;27&#8243; down=&#8221;0&#8243;]<div class='q_icon_with_title very_large custom_icon_image right '><div class=\"icon_holder \" style=\" \"><img itemprop=\"image\" style=\"\" src=\"https:\/\/turodelsol.com\/wp-content\/uploads\/2019\/01\/02-azafatas.png\" alt=\"\"><\/div><div class=\"icon_text_holder\" style=\"\"><div class=\"icon_text_inner\" style=\"\"><h5 class=\"icon_title\" style=\"\">HOSTESSES<\/h5><p style=''>En tot moment podreu comptar amb les nostres hostesses que donaran la benvinguda amb una rosa als vostres convidats, atendran els nens si cal, us ajudaran quan lliureu detallets, etc .... Comptem tamb\u00e9 amb servei de guarda-roba.<\/p><\/div><\/div><\/div>[vc_separator type=&#8221;transparent&#8221; up=&#8221;27&#8243; down=&#8221;0&#8243;]<div class='q_icon_with_title very_large custom_icon_image '><div class=\"icon_holder \" style=\" \"><img itemprop=\"image\" style=\"\" src=\"https:\/\/turodelsol.com\/wp-content\/uploads\/2019\/01\/03-retoque.png\" alt=\"\"><\/div><div class=\"icon_text_holder\" style=\"\"><div class=\"icon_text_inner\" style=\"\"><h5 class=\"icon_title\" style=\"\">RETOC DE MAQUILLATGE<\/h5><p style=''>Dies abans del casament cal la realitzaci\u00f3 d'algunes proves de maquillatge perqu\u00e8 escullis els tons que m\u00e9s t'agradin, amb els que millor et trobis, i que combinin amb el teu look. D'aquesta manera el dia del teu casament no hi haur\u00e0 sorpreses.<\/p><\/div><\/div><\/div>[vc_separator type=&#8221;transparent&#8221; up=&#8221;27&#8243; down=&#8221;0&#8243;]<div class='q_icon_with_title very_large custom_icon_image right '><div class=\"icon_holder \" style=\" \"><img itemprop=\"image\" style=\"\" src=\"https:\/\/turodelsol.com\/wp-content\/uploads\/2019\/01\/04-fotos-videos.png\" alt=\"\"><\/div><div class=\"icon_text_holder\" style=\"\"><div class=\"icon_text_inner\" style=\"\"><h5 class=\"icon_title\" style=\"\">FOTOGRAFIA I VIDEO<\/h5><p style=''>Us posarem en contacte amb professionals del sector que gaudeixen de tota la nostra confian\u00e7a, coneixen els millors racons dels nostres jardins i podran ensenyar treballs realitzats al nostre restaurant pr\u00e8viament.<\/p><\/div><\/div><\/div>[vc_separator type=&#8221;transparent&#8221; up=&#8221;27&#8243; down=&#8221;0&#8243;]<div class='q_icon_with_title very_large custom_icon_image '><div class=\"icon_holder \" style=\" \"><img itemprop=\"image\" style=\"\" src=\"https:\/\/turodelsol.com\/wp-content\/uploads\/2019\/01\/05-disc-jockey.png\" alt=\"\"><\/div><div class=\"icon_text_holder\" style=\"\"><div class=\"icon_text_inner\" style=\"\"><h5 class=\"icon_title\" style=\"\">DISCJ\u00d2QUEI<\/h5><p style=''>El nostre Dj organitzar\u00e0 una reuni\u00f3 pr\u00e8via amb vosaltres per tractar tots els temes referents a la m\u00fasica. Tenim diferents opcions d'animaci\u00f3 musical: orquestres, duos, trios, discj\u00f2queis, etc .., amb els quals tindreu una entrevista per personalitzar la m\u00fasica del casament, tant en el ball, com la m\u00fasica ambiental durant els aperitius i el menjar, sortides de past\u00eds, regals, etc.<\/p><\/div><\/div><\/div>[vc_separator type=&#8221;transparent&#8221; up=&#8221;27&#8243; down=&#8221;0&#8243;]<div class='q_icon_with_title very_large custom_icon_image right '><div class=\"icon_holder \" style=\" \"><img itemprop=\"image\" style=\"\" src=\"https:\/\/turodelsol.com\/wp-content\/uploads\/2019\/01\/06-degustacio.png\" alt=\"\"><\/div><div class=\"icon_text_holder\" style=\"\"><div class=\"icon_text_inner\" style=\"\"><h5 class=\"icon_title\" style=\"\">DEGUSTACI\u00d3 DE MEN\u00daS<\/h5><p style=''>Al Tur\u00f3 del Sol us convidem a degustar diferents propostes perqu\u00e8 la vostra celebraci\u00f3 sigui \u00fanica i inoblidable, sempre assessorats per un professional. Detalls com centres de flors amb espelma, elecci\u00f3 del color de les estovalles, impressi\u00f3 de minutes personalitzades, confecci\u00f3 de la llista dels vostres convidats i la targeta de benvinguda sobre la taula s\u00f3n nom\u00e9s alguns dels molts detalls que compartirem amb vosaltres a l'hora de l'elecci\u00f3. Un mes abans de la vostra boda organitzarem tamb\u00e9 amb vosaltres la distribuci\u00f3 de taules a la sala.<\/p><\/div><\/div><\/div>[vc_separator type=&#8221;transparent&#8221; up=&#8221;27&#8243; down=&#8221;0&#8243;]<div class='q_icon_with_title very_large custom_icon_image '><div class=\"icon_holder \" style=\" \"><img itemprop=\"image\" style=\"\" src=\"https:\/\/turodelsol.com\/wp-content\/uploads\/2019\/01\/07-actuacion.png\" alt=\"\"><\/div><div class=\"icon_text_holder\" style=\"\"><div class=\"icon_text_inner\" style=\"\"><h5 class=\"icon_title\" style=\"\">ACTUACIONS EN VIU<\/h5><p style=''>Us posarem en contacte amb professionals del sector que gaudeixen de tota la nostra confian\u00e7a, coneixen els millors racons dels nostres jardins i podran ensenyar treballs realitzats al nostre restaurant pr\u00e8viament.<\/p><\/div><\/div><\/div>[vc_separator type=&#8221;transparent&#8221; up=&#8221;27&#8243; down=&#8221;0&#8243;]<div class='q_icon_with_title very_large custom_icon_image right '><div class=\"icon_holder \" style=\" \"><img itemprop=\"image\" style=\"\" src=\"https:\/\/turodelsol.com\/wp-content\/uploads\/2019\/01\/08-food.png\" alt=\"\"><\/div><div class=\"icon_text_holder\" style=\"\"><div class=\"icon_text_inner\" style=\"\"><h5 class=\"icon_title\" style=\"\">FOOD TRUCKS<\/h5><p style=''>Endolceix el teu ball amb les nostres caravanes vintage de creps i gofres dol\u00e7os i salats.<\/p><\/div><\/div><\/div>[vc_separator type=&#8221;transparent&#8221; up=&#8221;27&#8243; down=&#8221;0&#8243;]<div class='q_icon_with_title very_large custom_icon_image '><div class=\"icon_holder \" style=\" \"><img itemprop=\"image\" style=\"\" src=\"https:\/\/turodelsol.com\/wp-content\/uploads\/2019\/01\/09-para-nenes.png\" alt=\"\"><\/div><div class=\"icon_text_holder\" style=\"\"><div class=\"icon_text_inner\" style=\"\"><h5 class=\"icon_title\" style=\"\">PER ALS M\u00c9S PETITS<\/h5><p style=''>Disposem de serveis d'animaci\u00f3 infantil amb monitores que tindran cura dels m\u00e9s petits de la fam\u00edlia.<\/p><\/div><\/div><\/div>[vc_separator type=&#8221;transparent&#8221; up=&#8221;27&#8243; down=&#8221;0&#8243;][\/vc_column][vc_column width=&#8221;1\/6&#8243;][\/vc_column][\/vc_row][vc_row css_animation=&#8221;&#8221; row_type=&#8221;row&#8221; use_row_as_full_screen_section=&#8221;no&#8221; type=&#8221;full_width&#8221; angled_section=&#8221;no&#8221; text_align=&#8221;left&#8221; background_image_as_pattern=&#8221;without_pattern&#8221;][vc_column][vc_single_image image=&#8221;15825&#8243; img_size=&#8221;full&#8221; alignment=&#8221;center&#8221; qode_css_animation=&#8221;&#8221;][vc_separator type=&#8221;normal&#8221; color=&#8221;#ffffff&#8221; up=&#8221;50&#8243;][\/vc_column][\/vc_row]<\/p>\n","protected":false},"excerpt":{"rendered":"<p>[vc_row css_animation=&#8221;&#8221; row_type=&#8221;row&#8221; use_row_as_full_screen_section=&#8221;no&#8221; type=&#8221;grid&#8221; angled_section=&#8221;no&#8221; text_align=&#8221;left&#8221; background_image_as_pattern=&#8221;without_pattern&#8221; background_color=&#8221;#ffffff&#8221; padding_top=&#8221;67&#8243; padding_bottom=&#8221;58&#8243;][vc_column width=&#8221;1\/6&#8243;][\/vc_column][vc_column width=&#8221;2\/3&#8243;][vc_column_text] Serveis per a noces a Barcelona Restaurant Tur\u00f3 del Sol\u00a0 [\/vc_column_text][vc_separator type=&#8221;transparent&#8221; up=&#8221;27&#8243; down=&#8221;0&#8243;][vc_separator type=&#8221;transparent&#8221; up=&#8221;27&#8243; down=&#8221;0&#8243;][vc_separator type=&#8221;transparent&#8221; up=&#8221;27&#8243; down=&#8221;0&#8243;][vc_separator type=&#8221;transparent&#8221; up=&#8221;27&#8243; down=&#8221;0&#8243;][vc_separator type=&#8221;transparent&#8221; up=&#8221;27&#8243; down=&#8221;0&#8243;][vc_separator type=&#8221;transparent&#8221; up=&#8221;27&#8243; down=&#8221;0&#8243;][vc_separator type=&#8221;transparent&#8221; up=&#8221;27&#8243; down=&#8221;0&#8243;][vc_separator&#8230;<\/p>\n","protected":false},"author":1,"featured_media":0,"parent":0,"menu_order":0,"comment_status":"open","ping_status":"closed","template":"full_width.php","meta":{"_monsterinsights_skip_tracking":false,"_monsterinsights_sitenote_active":false,"_monsterinsights_sitenote_note":"","_monsterinsights_sitenote_category":0},"yoast_head":"<!-- This site is optimized with the Yoast SEO plugin v19.10 - https:\/\/yoast.com\/wordpress\/plugins\/seo\/ -->\n<title>Serveis per a noces a Barcelona - Restaurant Tur\u00f3 del Sol<\/title>\n<meta name=\"description\" content=\"Serveis per a noces a Barcelona Lloc ideal per al vostre banquet de noces, Amplis jardins, p\u00e0rquing privat per a cerim\u00f2nies civils\" \/>\n<meta name=\"robots\" content=\"index, follow, max-snippet:-1, max-image-preview:large, max-video-preview:-1\" \/>\n<link rel=\"canonical\" href=\"https:\/\/turodelsol.com\/ca\/serveis\/\" \/>\n<meta property=\"og:locale\" content=\"ca_ES\" \/>\n<meta property=\"og:type\" content=\"article\" \/>\n<meta property=\"og:title\" content=\"Serveis per a noces a Barcelona - Restaurant Tur\u00f3 del Sol\" \/>\n<meta property=\"og:description\" content=\"Serveis per a noces a Barcelona Lloc ideal per al vostre banquet de noces, Amplis jardins, p\u00e0rquing privat per a cerim\u00f2nies civils\" \/>\n<meta property=\"og:url\" content=\"https:\/\/turodelsol.com\/ca\/serveis\/\" \/>\n<meta property=\"og:site_name\" content=\"Tur\u00f3 del Sol\" \/>\n<meta property=\"article:publisher\" content=\"https:\/\/es-es.facebook.com\/turodelsol\" \/>\n<meta property=\"article:modified_time\" content=\"2021-05-22T07:48:51+00:00\" \/>\n<meta name=\"twitter:card\" content=\"summary_large_image\" \/>\n<meta name=\"twitter:label1\" content=\"Temps estimat de lectura\" \/>\n\t<meta name=\"twitter:data1\" content=\"4 minuts\" \/>\n<script type=\"application\/ld+json\" class=\"yoast-schema-graph\">{\"@context\":\"https:\/\/schema.org\",\"@graph\":[{\"@type\":\"WebPage\",\"@id\":\"https:\/\/turodelsol.com\/ca\/serveis\/\",\"url\":\"https:\/\/turodelsol.com\/ca\/serveis\/\",\"name\":\"Serveis per a noces a Barcelona - Restaurant Tur\u00f3 del Sol\",\"isPartOf\":{\"@id\":\"https:\/\/turodelsol.com\/#website\"},\"datePublished\":\"2014-12-15T22:55:21+00:00\",\"dateModified\":\"2021-05-22T07:48:51+00:00\",\"description\":\"Serveis per a noces a Barcelona Lloc ideal per al vostre banquet de noces, Amplis jardins, p\u00e0rquing privat per a cerim\u00f2nies civils\",\"breadcrumb\":{\"@id\":\"https:\/\/turodelsol.com\/ca\/serveis\/#breadcrumb\"},\"inLanguage\":\"ca\",\"potentialAction\":[{\"@type\":\"ReadAction\",\"target\":[\"https:\/\/turodelsol.com\/ca\/serveis\/\"]}]},{\"@type\":\"BreadcrumbList\",\"@id\":\"https:\/\/turodelsol.com\/ca\/serveis\/#breadcrumb\",\"itemListElement\":[{\"@type\":\"ListItem\",\"position\":1,\"name\":\"Portada\",\"item\":\"https:\/\/turodelsol.com\/ca\/\"},{\"@type\":\"ListItem\",\"position\":2,\"name\":\"Serveis\"}]},{\"@type\":\"WebSite\",\"@id\":\"https:\/\/turodelsol.com\/#website\",\"url\":\"https:\/\/turodelsol.com\/\",\"name\":\"Tur\u00f3 del Sol\",\"description\":\"Restaurante para bodas Barcelona\",\"publisher\":{\"@id\":\"https:\/\/turodelsol.com\/#organization\"},\"potentialAction\":[{\"@type\":\"SearchAction\",\"target\":{\"@type\":\"EntryPoint\",\"urlTemplate\":\"https:\/\/turodelsol.com\/?s={search_term_string}\"},\"query-input\":\"required name=search_term_string\"}],\"inLanguage\":\"ca\"},{\"@type\":\"Organization\",\"@id\":\"https:\/\/turodelsol.com\/#organization\",\"name\":\"Restaurante Tur\u00f3 del Sol\",\"url\":\"https:\/\/turodelsol.com\/\",\"logo\":{\"@type\":\"ImageObject\",\"inLanguage\":\"ca\",\"@id\":\"https:\/\/turodelsol.com\/#\/schema\/logo\/image\/\",\"url\":\"https:\/\/turodelsol.com\/wp-content\/uploads\/2018\/12\/logo-turo-del-sol-web-2019-1.png\",\"contentUrl\":\"https:\/\/turodelsol.com\/wp-content\/uploads\/2018\/12\/logo-turo-del-sol-web-2019-1.png\",\"width\":214,\"height\":100,\"caption\":\"Restaurante Tur\u00f3 del Sol\"},\"image\":{\"@id\":\"https:\/\/turodelsol.com\/#\/schema\/logo\/image\/\"},\"sameAs\":[\"https:\/\/www.instagram.com\/turodelsol\/\",\"https:\/\/es-es.facebook.com\/turodelsol\"]}]}<\/script>\n<!-- \/ Yoast SEO plugin. -->","yoast_head_json":{"title":"Serveis per a noces a Barcelona - Restaurant Tur\u00f3 del Sol","description":"Serveis per a noces a Barcelona Lloc ideal per al vostre banquet de noces, Amplis jardins, p\u00e0rquing privat per a cerim\u00f2nies civils","robots":{"index":"index","follow":"follow","max-snippet":"max-snippet:-1","max-image-preview":"max-image-preview:large","max-video-preview":"max-video-preview:-1"},"canonical":"https:\/\/turodelsol.com\/ca\/serveis\/","og_locale":"ca_ES","og_type":"article","og_title":"Serveis per a noces a Barcelona - Restaurant Tur\u00f3 del Sol","og_description":"Serveis per a noces a Barcelona Lloc ideal per al vostre banquet de noces, Amplis jardins, p\u00e0rquing privat per a cerim\u00f2nies civils","og_url":"https:\/\/turodelsol.com\/ca\/serveis\/","og_site_name":"Tur\u00f3 del Sol","article_publisher":"https:\/\/es-es.facebook.com\/turodelsol","article_modified_time":"2021-05-22T07:48:51+00:00","twitter_card":"summary_large_image","twitter_misc":{"Temps estimat de lectura":"4 minuts"},"schema":{"@context":"https:\/\/schema.org","@graph":[{"@type":"WebPage","@id":"https:\/\/turodelsol.com\/ca\/serveis\/","url":"https:\/\/turodelsol.com\/ca\/serveis\/","name":"Serveis per a noces a Barcelona - Restaurant Tur\u00f3 del Sol","isPartOf":{"@id":"https:\/\/turodelsol.com\/#website"},"datePublished":"2014-12-15T22:55:21+00:00","dateModified":"2021-05-22T07:48:51+00:00","description":"Serveis per a noces a Barcelona Lloc ideal per al vostre banquet de noces, Amplis jardins, p\u00e0rquing privat per a cerim\u00f2nies civils","breadcrumb":{"@id":"https:\/\/turodelsol.com\/ca\/serveis\/#breadcrumb"},"inLanguage":"ca","potentialAction":[{"@type":"ReadAction","target":["https:\/\/turodelsol.com\/ca\/serveis\/"]}]},{"@type":"BreadcrumbList","@id":"https:\/\/turodelsol.com\/ca\/serveis\/#breadcrumb","itemListElement":[{"@type":"ListItem","position":1,"name":"Portada","item":"https:\/\/turodelsol.com\/ca\/"},{"@type":"ListItem","position":2,"name":"Serveis"}]},{"@type":"WebSite","@id":"https:\/\/turodelsol.com\/#website","url":"https:\/\/turodelsol.com\/","name":"Tur\u00f3 del Sol","description":"Restaurante para bodas Barcelona","publisher":{"@id":"https:\/\/turodelsol.com\/#organization"},"potentialAction":[{"@type":"SearchAction","target":{"@type":"EntryPoint","urlTemplate":"https:\/\/turodelsol.com\/?s={search_term_string}"},"query-input":"required name=search_term_string"}],"inLanguage":"ca"},{"@type":"Organization","@id":"https:\/\/turodelsol.com\/#organization","name":"Restaurante Tur\u00f3 del Sol","url":"https:\/\/turodelsol.com\/","logo":{"@type":"ImageObject","inLanguage":"ca","@id":"https:\/\/turodelsol.com\/#\/schema\/logo\/image\/","url":"https:\/\/turodelsol.com\/wp-content\/uploads\/2018\/12\/logo-turo-del-sol-web-2019-1.png","contentUrl":"https:\/\/turodelsol.com\/wp-content\/uploads\/2018\/12\/logo-turo-del-sol-web-2019-1.png","width":214,"height":100,"caption":"Restaurante Tur\u00f3 del Sol"},"image":{"@id":"https:\/\/turodelsol.com\/#\/schema\/logo\/image\/"},"sameAs":["https:\/\/www.instagram.com\/turodelsol\/","https:\/\/es-es.facebook.com\/turodelsol"]}]}},"_links":{"self":[{"href":"https:\/\/turodelsol.com\/ca\/wp-json\/wp\/v2\/pages\/18312"}],"collection":[{"href":"https:\/\/turodelsol.com\/ca\/wp-json\/wp\/v2\/pages"}],"about":[{"href":"https:\/\/turodelsol.com\/ca\/wp-json\/wp\/v2\/types\/page"}],"author":[{"embeddable":true,"href":"https:\/\/turodelsol.com\/ca\/wp-json\/wp\/v2\/users\/1"}],"replies":[{"embeddable":true,"href":"https:\/\/turodelsol.com\/ca\/wp-json\/wp\/v2\/comments?post=18312"}],"version-history":[{"count":4,"href":"https:\/\/turodelsol.com\/ca\/wp-json\/wp\/v2\/pages\/18312\/revisions"}],"predecessor-version":[{"id":18531,"href":"https:\/\/turodelsol.com\/ca\/wp-json\/wp\/v2\/pages\/18312\/revisions\/18531"}],"wp:attachment":[{"href":"https:\/\/turodelsol.com\/ca\/wp-json\/wp\/v2\/media?parent=18312"}],"curies":[{"name":"wp","href":"https:\/\/api.w.org\/{rel}","templated":true}]}}